{"id":105,"date":"2018-07-04T15:21:27","date_gmt":"2018-07-04T15:21:27","guid":{"rendered":"http:\/\/emiliasokolowska-malec.pl\/?page_id=105"},"modified":"2025-11-04T12:20:26","modified_gmt":"2025-11-04T12:20:26","slug":"onetone-front-page","status":"publish","type":"page","link":"https:\/\/emiliasokolowska-malec.pl\/","title":{"rendered":"Emilia Soko\u0142owska-Malec"},"content":{"rendered":"\n<div class=\"wp-block-cover alignfull is-light has-parallax is-position-center-center\" style=\"min-height:800px;aspect-ratio:unset;\"><div class=\"wp-block-cover__image-background wp-image-199 has-parallax\" style=\"background-position:50% 50%;background-image:url(http:\/\/emiliasokolowska-malec.pl\/wp-content\/uploads\/2020\/09\/bg-1.jpg)\"><\/div><span aria-hidden=\"true\" class=\"wp-block-cover__background has-background-background-color has-background-dim\"><\/span><div class=\"wp-block-cover__inner-container is-layout-flow wp-block-cover-is-layout-flow\">\n<h1 class=\"has-text-align-center front-header\" style=\"color:#000\">Gabinet<br> Psychoterapii<\/h1>\n\n\n\n<h2 class=\"wp-block-heading has-text-align-center has-primary-color has-text-color\">Poradnictwa i Diagnozy Psychologicznej<\/h2>\n\n\n\n<h3 class=\"wp-block-heading has-text-align-center has-primary-color has-text-color emi\">mgr <strong>Emilia Soko\u0142owska-Malec<\/strong><\/h3>\n<\/div><\/div>\n\n\n\n<div class=\"wp-block-cover alignfull is-light\" id=\"O-mnie\"><span aria-hidden=\"true\" class=\"wp-block-cover__background has-background-dim-100 has-background-dim\" style=\"background-color:#f6f6f6\"><\/span><div class=\"wp-block-cover__inner-container is-layout-flow wp-block-cover-is-layout-flow\">\n<div class=\"wp-block-media-text alignwide is-stacked-on-mobile round\" style=\"grid-template-columns:27% auto\"><figure class=\"wp-block-media-text__media\"><img loading=\"lazy\" decoding=\"async\" width=\"530\" height=\"530\" src=\"http:\/\/emiliasokolowska-malec.pl\/wp-content\/uploads\/2016\/12\/b2a3588d565aaea1fced2326efe124e3_large1.jpg\" alt=\"\" class=\"wp-image-90 size-full\" srcset=\"https:\/\/emiliasokolowska-malec.pl\/wp-content\/uploads\/2016\/12\/b2a3588d565aaea1fced2326efe124e3_large1.jpg 530w, https:\/\/emiliasokolowska-malec.pl\/wp-content\/uploads\/2016\/12\/b2a3588d565aaea1fced2326efe124e3_large1-150x150.jpg 150w, https:\/\/emiliasokolowska-malec.pl\/wp-content\/uploads\/2016\/12\/b2a3588d565aaea1fced2326efe124e3_large1-300x300.jpg 300w\" sizes=\"auto, (max-width: 530px) 100vw, 530px\" \/><\/figure><div class=\"wp-block-media-text__content\">\n<h2 class=\"wp-block-heading has-primary-color has-text-color\">Witam Pa\u0144stwa.<\/h2>\n\n\n\n<p class=\"has-primary-color has-text-color\"><strong>Nazywam si\u0119 Emilia Soko\u0142owska-Malec i chcia\u0142abym przedstawi\u0107 Pa\u0144stwu moje do\u015bwiadczenie w zakresie udzielania pomocy psychologicznej i psychoterapeutycznej.&nbsp;<\/strong><\/p>\n\n\n\n<p>Jestem mgr psychologii (nr dyplomu 11676), terapeutk\u0105 uzale\u017cnie\u0144 (nr SP\/1009\/2014) oraz certyfikowan\u0105 psychoterapeutk\u0105 Polskiego Towarzystwa Psychiatrycznego (nr certyfikatu 1062).&nbsp;<br><br>Certyfikat ten potwierdza kwalifikacje do samodzielnego stosowania psychoterapii zweryfikowane przez pa\u0144stwowy egzamin zewn\u0119trzny Polskiego Towarzystwa Psychiatrycznego.&nbsp;<br><br>Od 2015 r. pe\u0142ni\u0119 funkcj\u0119 bieg\u0142ego s\u0105dowego w zakresie u\u017cywania substancji psychoaktywnych.<\/p>\n\n\n\n<p>Jestem cz\u0142onkiem Polskiego Towarzystwa Psychiatrycznego. Swoj\u0105 prac\u0119 poddaje regularnej superwizji u certyfikowanego superwizora P.T.P oraz superwizor\u00f3w Polskiego Towarzystwa Psychoterapii Psychoanalitycznej. Pracuj\u0119 zgodnie ze standardami P.T.P oraz zawodowym kodeksem etycznym.<\/p>\n<\/div><\/div>\n<\/div><\/div>\n\n\n\n<div class=\"wp-block-group alignfull\"><div class=\"wp-block-group__inner-container is-layout-flow wp-block-group-is-layout-flow\">\n<div class=\"wp-block-columns is-layout-flex wp-container-core-columns-is-layout-9d6595d7 wp-block-columns-is-layout-flex\" id=\"Oferta\">\n<div class=\"wp-block-column is-layout-flow wp-block-column-is-layout-flow\">\n<p class=\"has-large-font-size\"><strong><strong>W ramach prowadzonej przeze mnie praktyki udzielam konsultacji psychologicznych oraz prowadz\u0119 psychoterapi\u0119 os\u00f3b doros\u0142ych i m\u0142odzie\u017cy do\u015bwiadczaj\u0105cych trudno\u015bci w takich obszarach jak:<\/strong><\/strong><\/p>\n\n\n\n<ul class=\"wp-block-list\">\n<li>zaburzenia depresyjne, l\u0119kowe, nerwicowe<\/li>\n\n\n\n<li>zaburzenia somatyzacyjne, od\u017cywiania (bulimia, anoreksja)<\/li>\n\n\n\n<li>zaburzenia osobowo\u015bci<\/li>\n\n\n\n<li>trudno\u015bci w relacjach interpersonalnych<\/li>\n\n\n\n<li>trudno\u015bci w stawianiu granic, asertywno\u015bci; nadmiernej zale\u017cno\u015bci od partnera, os\u00f3b znacz\u0105cych<\/li>\n<\/ul>\n<\/div>\n\n\n\n<div class=\"wp-block-column is-layout-flow wp-block-column-is-layout-flow\">\n<ul class=\"wp-block-list\">\n<li>uzale\u017cnienia i wsp\u00f3luzale\u017cnienia, w tym r\u00f3wnie\u017c uzale\u017cnienia behawioralne<\/li>\n\n\n\n<li>osobom wymagaj\u0105cym wsparcia w szeroko rozumianych kryzysach emocjonalnych<\/li>\n<\/ul>\n\n\n\n<p>W swojej pracy korzystam z podej\u015bcia integracyjnego stanowi\u0105cego odpowied\u017a na rosn\u0105ce zapotrzebowanie w zakresie dopasowania modelu pracy do specyfiki problemu oraz osobowo\u015bci pacjenta. Szczeg\u00f3lnie bliskie jest mi podej\u015bcie psychodynamiczne, ale stosuj\u0119 r\u00f3wnie\u017c metody nurtu poznawczo-behawioralnego \u2013 zw\u0142aszcza w obszarze pracy z uzale\u017cnieniem.<\/p>\n<\/div>\n<\/div>\n<\/div><\/div>\n\n\n\n<div class=\"wp-block-cover alignfull is-light\"><span aria-hidden=\"true\" class=\"wp-block-cover__background has-background-dim-100 has-background-dim\" style=\"background-color:#f6f6f6\"><\/span><div class=\"wp-block-cover__inner-container is-layout-flow wp-block-cover-is-layout-flow\">\n<h2 class=\"wp-block-heading has-text-align-left has-primary-color has-text-color\">Do\u015bwiadczenie<\/h2>\n\n\n\n<p>zdobywa\u0142am w Klinicznym Oddziale Psychiatrycznym i Leczenia Stresu Bojowego w 4. Wojskowym Szpitalu Klinicznym we Wroc\u0142awiu oraz w O\u015brodku Leczenia Nerwic i Zaburze\u0144 Od\u017cywiania NZOZ D\u0105br\u00f3wka w Gliwicach.<br>W latach 2012-2024 pracowa\u0142am z &nbsp;osobami przebywaj\u0105cymi w warunkach izolacji wi\u0119ziennej \u2013 zajmuj\u0105c si\u0119 pomoc\u0105 psychologiczn\u0105, diagnoz\u0105, wsparciem, prowadzi\u0142am terapi\u0119 d\u0142ugoterminow\u0105 os\u00f3b uzale\u017cnionych od \u015brodk\u00f3w odurzaj\u0105cych i substancji psychotropowych;&nbsp; Od 2014 roku wsp\u00f3\u0142pracuj\u0119 z Wroc\u0142awskim Centrum Zdrowia w O\u015brodku Profilaktyczno-Leczniczym Chor\u00f3b Zaka\u017anych i Terapii Uzale\u017cnie\u0144, gdzie m.in zajmuj\u0119 si\u0119 psychoterapi\u0105, wsparciem psychologicznym, a tak\u017ce diagnoz\u0105 neuropsychologiczn\u0105 os\u00f3b zaka\u017conych wirusem HIV.<\/p>\n\n\n\n<p>Od 2016 roku prowadz\u0119 prywatn\u0105 praktyk\u0119 psychoterapeutyczn\u0105<\/p>\n<\/div><\/div>\n\n\n\n<div class=\"wp-block-cover alignfull is-light\" id=\"Cennik\"><span aria-hidden=\"true\" class=\"wp-block-cover__background has-background-dim-100 has-background-dim\" style=\"background-color:#f6f6f6\"><\/span><div class=\"wp-block-cover__inner-container is-layout-flow wp-block-cover-is-layout-flow\">\n<h2 class=\"wp-block-heading has-text-align-center has-primary-color has-text-color\">Cennik<\/h2>\n\n\n\n<div class=\"wp-block-columns is-layout-flex wp-container-core-columns-is-layout-9d6595d7 wp-block-columns-is-layout-flex\">\n<div class=\"wp-block-column cennik-kolumna is-layout-flow wp-block-column-is-layout-flow\">\n<p class=\"has-text-align-center has-secondary-color has-text-color\">Konsultacja psychologiczna\/sesja konsultacyjna kwalifikuj\u0105ca do psychoterapii<br> (50 min)<\/p>\n\n\n\n<h5 class=\"wp-block-heading has-text-align-center has-primary-color has-text-color\">280 z\u0142<\/h5>\n<\/div>\n\n\n\n<div class=\"wp-block-column cennik-kolumna is-layout-flow wp-block-column-is-layout-flow\">\n<p class=\"has-text-align-center has-secondary-color has-text-color\">Sesja psychoterapii <br>(50 min)<\/p>\n\n\n\n<h5 class=\"wp-block-heading has-text-align-center has-primary-color has-text-color\">250 z\u0142<\/h5>\n\n\n\n<p><\/p>\n<\/div>\n<\/div>\n\n\n\n<p><\/p>\n<\/div><\/div>\n\n\n\n<div class=\"wp-block-group alignwide\"><div class=\"wp-block-group__inner-container is-layout-flow wp-block-group-is-layout-flow\">\n<iframe src=\"https:\/\/www.google.com\/maps\/embed?pb=!1m18!1m12!1m3!1d2505.1718521740495!2d17.030326651315388!3d51.10528937947086!2m3!1f0!2f0!3f0!3m2!1i1024!2i768!4f13.1!3m3!1m2!1s0x470fc2715e062df9%3A0x975ace52cf731347!2splac%20Teatralny%203%2C%2050-529%20Wroc%C5%82aw!5e0!3m2!1spl!2spl!4v1648128720632!5m2!1spl!2spl\" width=\"100%\" height=\"450\" style=\"border:0;\" allowfullscreen=\"\" loading=\"lazy\"><\/iframe>\n<\/div><\/div>\n\n\n\n<h3 class=\"wp-block-heading has-text-align-center kontakt\" id=\"Kontakt\">kontakt: +48 663 128 578<\/h3>\n\n\n\n<p class=\"has-text-align-center\">e-mail: kontakt@emiliasokolowska-malec.pl<\/p>\n\n\n\n<p class=\"has-text-align-center\">ul. Krupnicza 13, Wroc\u0142aw<\/p>\n\n\n\n<div class=\"wpcf7 no-js\" id=\"wpcf7-f52-o1\" lang=\"pl-PL\" dir=\"ltr\" data-wpcf7-id=\"52\">\n<div class=\"screen-reader-response\"><p role=\"status\" aria-live=\"polite\" aria-atomic=\"true\"><\/p> <ul><\/ul><\/div>\n<form action=\"\/index.php?rest_route=%2Fwp%2Fv2%2Fpages%2F105#wpcf7-f52-o1\" method=\"post\" class=\"wpcf7-form init\" aria-label=\"Formularz kontaktowy\" novalidate=\"novalidate\" data-status=\"init\">\n<div style=\"display: none;\">\n<input type=\"hidden\" name=\"_wpcf7\" value=\"52\" \/>\n<input type=\"hidden\" name=\"_wpcf7_version\" value=\"6.0.6\" \/>\n<input type=\"hidden\" name=\"_wpcf7_locale\" value=\"pl_PL\" \/>\n<input type=\"hidden\" name=\"_wpcf7_unit_tag\" value=\"wpcf7-f52-o1\" \/>\n<input type=\"hidden\" name=\"_wpcf7_container_post\" value=\"0\" \/>\n<input type=\"hidden\" name=\"_wpcf7_posted_data_hash\" value=\"\" \/>\n<\/div>\n<div class=\"contact-form\">\n\t<p>Imi\u0119 (wymagane)\n\t<\/p>\n\t<p><span class=\"wpcf7-form-control-wrap\" data-name=\"your-name\"><input size=\"40\" maxlength=\"400\" class=\"wpcf7-form-control wpcf7-text wpcf7-validates-as-required\" aria-required=\"true\" aria-invalid=\"false\" value=\"\" type=\"text\" name=\"your-name\" \/><\/span>\n\t<\/p>\n\t<p>Adres email (wymagane)\n\t<\/p>\n\t<p><span class=\"wpcf7-form-control-wrap\" data-name=\"your-email\"><input size=\"40\" maxlength=\"400\" class=\"wpcf7-form-control wpcf7-email wpcf7-validates-as-required wpcf7-text wpcf7-validates-as-email\" aria-required=\"true\" aria-invalid=\"false\" value=\"\" type=\"email\" name=\"your-email\" \/><\/span>\n\t<\/p>\n\t<p>Temat\n\t<\/p>\n\t<p><span class=\"wpcf7-form-control-wrap\" data-name=\"your-subject\"><input size=\"40\" maxlength=\"400\" class=\"wpcf7-form-control wpcf7-text\" aria-invalid=\"false\" value=\"\" type=\"text\" name=\"your-subject\" \/><\/span>\n\t<\/p>\n\t<p>Tre\u015b\u0107 wiadomo\u015bci\n\t<\/p>\n\t<p><span class=\"wpcf7-form-control-wrap\" data-name=\"your-message\"><textarea cols=\"40\" rows=\"10\" maxlength=\"2000\" class=\"wpcf7-form-control wpcf7-textarea\" aria-invalid=\"false\" name=\"your-message\"><\/textarea><\/span>\n\t<\/p>\n\t<p><input class=\"wpcf7-form-control wpcf7-submit has-spinner\" type=\"submit\" value=\"Wy\u015blij\" \/>\n\t<\/p>\n<\/div><div class=\"wpcf7-response-output\" aria-hidden=\"true\"><\/div>\n<\/form>\n<\/div>\n\n\n\n\n<div class=\"wp-block-columns is-layout-flex wp-container-core-columns-is-layout-9d6595d7 wp-block-columns-is-layout-flex\">\n<div class=\"wp-block-column is-layout-flow wp-block-column-is-layout-flow\"><\/div>\n<\/div>\n","protected":false},"excerpt":{"rendered":"<p>W ramach prowadzonej przeze mnie praktyki udzielam konsultacji psychologicznych oraz prowadz\u0119 psychoterapi\u0119 os\u00f3b doros\u0142ych i m\u0142odzie\u017cy do\u015bwiadczaj\u0105cych trudno\u015bci w takich obszarach jak: W swojej pracy korzystam z podej\u015bcia integracyjnego stanowi\u0105cego odpowied\u017a na rosn\u0105ce zapotrzebowanie w zakresie dopasowania modelu pracy do specyfiki problemu oraz osobowo\u015bci pacjenta. Szczeg\u00f3lnie bliskie jest mi podej\u015bcie psychodynamiczne, ale stosuj\u0119 r\u00f3wnie\u017c metody [&hellip;]<\/p>\n","protected":false},"author":1,"featured_media":0,"parent":0,"menu_order":0,"comment_status":"closed","ping_status":"closed","template":"templates\/template-full-width.php","meta":{"footnotes":""},"class_list":["post-105","page","type-page","status-publish","hentry"],"_links":{"self":[{"href":"https:\/\/emiliasokolowska-malec.pl\/index.php?rest_route=\/wp\/v2\/pages\/105","targetHints":{"allow":["GET"]}}],"collection":[{"href":"https:\/\/emiliasokolowska-malec.pl\/index.php?rest_route=\/wp\/v2\/pages"}],"about":[{"href":"https:\/\/emiliasokolowska-malec.pl\/index.php?rest_route=\/wp\/v2\/types\/page"}],"author":[{"embeddable":true,"href":"https:\/\/emiliasokolowska-malec.pl\/index.php?rest_route=\/wp\/v2\/users\/1"}],"replies":[{"embeddable":true,"href":"https:\/\/emiliasokolowska-malec.pl\/index.php?rest_route=%2Fwp%2Fv2%2Fcomments&post=105"}],"version-history":[{"count":55,"href":"https:\/\/emiliasokolowska-malec.pl\/index.php?rest_route=\/wp\/v2\/pages\/105\/revisions"}],"predecessor-version":[{"id":319,"href":"https:\/\/emiliasokolowska-malec.pl\/index.php?rest_route=\/wp\/v2\/pages\/105\/revisions\/319"}],"wp:attachment":[{"href":"https:\/\/emiliasokolowska-malec.pl\/index.php?rest_route=%2Fwp%2Fv2%2Fmedia&parent=105"}],"curies":[{"name":"wp","href":"https:\/\/api.w.org\/{rel}","templated":true}]}}